{"id":38,"date":"2015-06-15T16:09:54","date_gmt":"2015-06-15T16:09:54","guid":{"rendered":"http:\/\/wp.sunnver.com.br\/?page_id=38"},"modified":"2015-12-24T09:56:58","modified_gmt":"2015-12-24T12:56:58","slug":"sobre-a-sunnver","status":"publish","type":"page","link":"https:\/\/wp.sunnver.com.br\/index.php\/sobre-a-sunnver\/","title":{"rendered":"Sobre a Sunnver"},"content":{"rendered":"<div id=\"HOTWordsTxt\"><p>&nbsp;<\/p>\n<p>&nbsp;<\/p>\n<div id=\"templatemo_main_wrapper\">\n<div id=\"templatemo_main\">\n<div id=\"content\">\n<div id=\"home\" class=\"section\">\n<div id=\"sobre\" class=\"section\">\n<div class=\"half right\">\n<p><strong>A Sunnver Solu\u00e7\u00f5es surgiu com o intuito de servir empresas e pessoas f\u00edsicas com necessidades de implanta\u00e7\u00e3o ou reformula\u00e7\u00e3o de sistemas de inform\u00e1tica.<\/strong><\/p>\n<p><strong>A empresa atende a diversos clientes desde pessoas f\u00edsicas \u00e0 empresas de grande express\u00e3o com projetos nacionais.<\/strong><\/p>\n<p><strong>Atendemos todas as etapas do processo, elabora\u00e7\u00e3o de projeto, instala\u00e7\u00e3o e manuten\u00e7\u00e3o em todo o territ\u00f3rio nacional.<\/strong><\/p>\n<p><a href=\"https:\/\/www.youtube.com\/user\/lfcaruso00\/videos\" target=\"_blank\"><br \/>\n<\/a><strong>Nossa equipe est\u00e1 plenamente capacitada para o desenvolvimento, instala\u00e7\u00f5es, manuten\u00e7\u00e3o e integra\u00e7\u00e3o de sistemas de alta tecnologia.<\/strong><\/p>\n<p><strong>Atualmente mantemos o portal de noticias Sunnver.com.br e nossos servi\u00e7os\u00a0t\u00e9cnicos\u00a0especializados.<\/strong><\/p>\n<p>&nbsp;<\/p>\n<\/div>\n<\/div>\n<\/div>\n<p>&nbsp;<\/p>\n<div id=\"home\" class=\"section\">\n<div id=\"sobre\" class=\"section\">\n<div class=\"half right\">\n<p><a href=\"http:\/\/wp.sunnver.com.br\/wp-content\/uploads\/2015\/06\/banner2.jpg\"><img loading=\"lazy\" decoding=\"async\" class=\"alignnone size-medium wp-image-39\" src=\"http:\/\/wp.sunnver.com.br\/wp-content\/uploads\/2015\/06\/banner2-300x81.jpg\" alt=\"banner2\" width=\"300\" height=\"81\" srcset=\"https:\/\/wp.sunnver.com.br\/wp-content\/uploads\/2015\/06\/banner2-300x81.jpg 300w, https:\/\/wp.sunnver.com.br\/wp-content\/uploads\/2015\/06\/banner2.jpg 473w\" sizes=\"auto, (max-width: 300px) 100vw, 300px\" \/><\/a><\/p>\n<\/div>\n<\/div>\n<p>&nbsp;<\/p>\n<\/div>\n<\/div>\n<p>[wp_ad_camp_3]<\/p>\n<\/div>\n<p>&nbsp;<\/p>\n<\/div>\n<\/div>","protected":false},"excerpt":{"rendered":"<p>&nbsp; &nbsp; A Sunnver Solu\u00e7\u00f5es surgiu com o intuito de servir empresas e pessoas f\u00edsicas com necessidades de implanta\u00e7\u00e3o ou<\/p>\n","protected":false},"author":1,"featured_media":39,"parent":0,"menu_order":2,"comment_status":"closed","ping_status":"closed","template":"","meta":{"_acf_changed":false,"colormag_page_container_layout":"default_layout","colormag_page_sidebar_layout":"default_layout","footnotes":""},"class_list":["post-38","page","type-page","status-publish","has-post-thumbnail","hentry"],"acf":[],"_links":{"self":[{"href":"https:\/\/wp.sunnver.com.br\/index.php\/wp-json\/wp\/v2\/pages\/38","targetHints":{"allow":["GET"]}}],"collection":[{"href":"https:\/\/wp.sunnver.com.br\/index.php\/wp-json\/wp\/v2\/pages"}],"about":[{"href":"https:\/\/wp.sunnver.com.br\/index.php\/wp-json\/wp\/v2\/types\/page"}],"author":[{"embeddable":true,"href":"https:\/\/wp.sunnver.com.br\/index.php\/wp-json\/wp\/v2\/users\/1"}],"replies":[{"embeddable":true,"href":"https:\/\/wp.sunnver.com.br\/index.php\/wp-json\/wp\/v2\/comments?post=38"}],"version-history":[{"count":8,"href":"https:\/\/wp.sunnver.com.br\/index.php\/wp-json\/wp\/v2\/pages\/38\/revisions"}],"predecessor-version":[{"id":293,"href":"https:\/\/wp.sunnver.com.br\/index.php\/wp-json\/wp\/v2\/pages\/38\/revisions\/293"}],"wp:featuredmedia":[{"embeddable":true,"href":"https:\/\/wp.sunnver.com.br\/index.php\/wp-json\/wp\/v2\/media\/39"}],"wp:attachment":[{"href":"https:\/\/wp.sunnver.com.br\/index.php\/wp-json\/wp\/v2\/media?parent=38"}],"curies":[{"name":"wp","href":"https:\/\/api.w.org\/{rel}","templated":true}]}}